{"id":94,"date":"2020-05-15T20:15:38","date_gmt":"2020-05-15T20:15:38","guid":{"rendered":"https:\/\/demosites.io\/yoga-studio-gb\/?page_id=94"},"modified":"2021-09-20T02:18:51","modified_gmt":"2021-09-19T23:18:51","slug":"84647-home","status":"publish","type":"page","link":"https:\/\/nadiacomaneci.ro\/","title":{"rendered":"Home"},"content":{"rendered":"\n<div class=\"wp-block-themeisle-blocks-advanced-columns alignfull has-1-columns has-desktop-equal-layout has-tablet-equal-layout has-mobile-equal-layout has-default-gap has-vertical-unset\" id=\"wp-block-themeisle-blocks-advanced-columns-c66cca8a\"><div class=\"wp-block-themeisle-blocks-advanced-columns-overlay\"><\/div><div class=\"innerblocks-wrap\">\n<div class=\"wp-block-themeisle-blocks-advanced-column\" id=\"wp-block-themeisle-blocks-advanced-column-38b46dce\">\n<p class=\"wp-block-themeisle-blocks-font-awesome-icons\" id=\"wp-block-themeisle-blocks-font-awesome-icons-3d023595\"><span class=\"wp-block-themeisle-blocks-font-awesome-icons-container\"><i class=\"fas fa-om\"><\/i><\/span><\/p>\n\n\n\n<h1 class=\"has-text-align-center has-nv-text-dark-bg-color has-text-color\">Despre Nadia<\/h1>\n\n\n\n<div class=\"wp-block-themeisle-blocks-advanced-columns has-3-columns has-desktop-equal-layout has-tablet-equal-layout has-mobile-collapsedRows-layout has-default-gap has-vertical-unset\" id=\"wp-block-themeisle-blocks-advanced-columns-a013e2b7\"><div class=\"wp-block-themeisle-blocks-advanced-columns-overlay\"><\/div><div class=\"innerblocks-wrap\">\n<div class=\"wp-block-themeisle-blocks-advanced-column animated fadeInLeft\" id=\"wp-block-themeisle-blocks-advanced-column-1cf71c65\"><\/div>\n\n\n\n<div class=\"wp-block-themeisle-blocks-advanced-column animated fadeInUp\" id=\"wp-block-themeisle-blocks-advanced-column-3a9b4d18\"><\/div>\n\n\n\n<div class=\"wp-block-themeisle-blocks-advanced-column animated fadeInRight\" id=\"wp-block-themeisle-blocks-advanced-column-39bf46bf\"><\/div>\n<\/div><\/div>\n\n\n\n<p class=\"has-text-align-center has-nv-text-dark-bg-color has-text-color has-medium-font-size\"><strong>Nadia Elena Com\u0103neci<\/strong> (n. 12 noiembrie 1961, One\u0219ti, Bac\u0103u, Rom\u00e2nia) este o gimnast\u0103 rom\u00e2n\u0103, prima gimnast\u0103 din lume care a primit nota zece \u00eentr-un concurs olimpic de gimnastic\u0103. Este c\u00e2\u0219tig\u0103toare a \u015fase medalii olimpice de aur. Este considerat\u0103 a fi una dintre cele mai bune sportive ale secolului XX \u0219i una dintre cele mai bune gimnaste ale lumii, din toate timpurile, \u201eZei\u021ba de la Montreal\u201d, prima gimnast\u0103 a epocii moderne care a luat 10 absolut. Este primul sportiv rom\u00e2n inclus \u00een memorialul International Gymnastics Hall of Fame.<\/p>\n<\/div>\n<\/div><\/div>\n\n\n\n<div class=\"wp-block-themeisle-blocks-advanced-columns alignfull has-2-columns has-desktop-oneTwo-layout has-tablet-equal-layout has-mobile-collapsedRows-layout has-default-gap has-vertical-center\" id=\"wp-block-themeisle-blocks-advanced-columns-a0467e79\"><div class=\"wp-block-themeisle-blocks-advanced-columns-overlay\"><\/div><div class=\"innerblocks-wrap\">\n<div class=\"wp-block-themeisle-blocks-advanced-column\" id=\"wp-block-themeisle-blocks-advanced-column-0a334cee\">\n<h4 class=\"has-neve-button-color-color has-text-color\"><strong>Despre<\/strong><\/h4>\n\n\n\n<h2>Via\u021ba<\/h2>\n\n\n\n<p>Nadia la <a href=\"https:\/\/ro.wikipedia.org\/wiki\/Jocurile_Olimpice_de_var%C4%83_din_1980\">J.O. de la Moscova, 1980<\/a><\/p>\n\n\n\n<div class=\"wp-block-buttons\">\n<div class=\"wp-block-button is-style-primary\"><a class=\"wp-block-button__link has-neve-button-color-background-color has-background\" rel=\"https:\/\/nadiacomaneci.ro\/classes\/\">View<\/a><\/div>\n<\/div>\n<\/div>\n\n\n\n<div class=\"wp-block-themeisle-blocks-advanced-column\" id=\"wp-block-themeisle-blocks-advanced-column-bbb02966\">\n<figure class=\"wp-block-image size-full\"><img loading=\"lazy\" width=\"555\" height=\"766\" src=\"https:\/\/nadiacomaneci.ro\/wp-content\/uploads\/2021\/09\/Nadia_Comaneci_Moscow1980.jpeg\" alt=\"\" class=\"wp-image-192\" srcset=\"https:\/\/nadiacomaneci.ro\/wp-content\/uploads\/2021\/09\/Nadia_Comaneci_Moscow1980.jpeg 555w, https:\/\/nadiacomaneci.ro\/wp-content\/uploads\/2021\/09\/Nadia_Comaneci_Moscow1980-217x300.jpeg 217w\" sizes=\"(max-width: 555px) 100vw, 555px\" \/><\/figure>\n<\/div>\n<\/div><\/div>\n\n\n\n<div class=\"wp-block-themeisle-blocks-advanced-columns alignfull has-1-columns has-desktop-equal-layout has-tablet-equal-layout has-mobile-equal-layout has-default-gap has-vertical-unset\" id=\"wp-block-themeisle-blocks-advanced-columns-7ba7d6c5\"><div class=\"wp-block-themeisle-blocks-advanced-columns-overlay\"><\/div><div class=\"innerblocks-wrap\">\n<div class=\"wp-block-themeisle-blocks-advanced-column\" id=\"wp-block-themeisle-blocks-advanced-column-595d406b\">\n<h4 class=\"has-text-align-center has-neve-button-color-color has-text-color\"><strong><strong>Yoga Benefits<\/strong><\/strong><\/h4>\n\n\n\n<h2 class=\"has-text-align-center\">Why join one of our classes?<\/h2>\n<\/div>\n<\/div><\/div>\n\n\n\n<div class=\"wp-block-themeisle-blocks-advanced-columns alignfull has-3-columns has-desktop-equal-layout has-tablet-equal-layout has-mobile-collapsedRows-layout has-default-gap has-vertical-unset\" id=\"wp-block-themeisle-blocks-advanced-columns-7701d3d7\"><div class=\"wp-block-themeisle-blocks-advanced-columns-overlay\"><\/div><div class=\"innerblocks-wrap\">\n<div class=\"wp-block-themeisle-blocks-advanced-column\" id=\"wp-block-themeisle-blocks-advanced-column-13d4f956\">\n<div class=\"wp-block-themeisle-blocks-service\">\n<p class=\"wp-block-themeisle-blocks-font-awesome-icons\" id=\"wp-block-themeisle-blocks-font-awesome-icons-c4bb8156\"><span class=\"wp-block-themeisle-blocks-font-awesome-icons-container\"><i class=\"fas fa-spa\"><\/i><\/span><\/p>\n\n\n\n<h3 class=\"has-text-align-center\">Inner Balance<\/h3>\n\n\n\n<p class=\"has-text-align-center\">Yoga is a powerful technique that promotes mindful healthy living<\/p>\n<\/div>\n<\/div>\n\n\n\n<div class=\"wp-block-themeisle-blocks-advanced-column\" id=\"wp-block-themeisle-blocks-advanced-column-6f411ab5\">\n<p class=\"wp-block-themeisle-blocks-font-awesome-icons\" id=\"wp-block-themeisle-blocks-font-awesome-icons-b23f5e28\"><span class=\"wp-block-themeisle-blocks-font-awesome-icons-container\"><i class=\"fas fa-hands\"><\/i><\/span><\/p>\n\n\n\n<h3 class=\"has-text-align-center\">Holistic approach<\/h3>\n\n\n\n<p class=\"has-text-align-center\">Yoga is a powerful technique that promotes mindful healthy living<\/p>\n<\/div>\n\n\n\n<div class=\"wp-block-themeisle-blocks-advanced-column\" id=\"wp-block-themeisle-blocks-advanced-column-ca5863bc\">\n<p class=\"wp-block-themeisle-blocks-font-awesome-icons\" id=\"wp-block-themeisle-blocks-font-awesome-icons-14d6ba26\"><span class=\"wp-block-themeisle-blocks-font-awesome-icons-container\"><i class=\"fas fa-infinity\"><\/i><\/span><\/p>\n\n\n\n<h3 class=\"has-text-align-center\">Holistic approach<\/h3>\n\n\n\n<p class=\"has-text-align-center\">Yoga is a powerful technique that promotes mindful healthy living<\/p>\n<\/div>\n<\/div><\/div>\n\n\n\n<div class=\"wp-block-themeisle-blocks-advanced-columns alignfull has-3-columns has-desktop-equal-layout has-tablet-equal-layout has-mobile-collapsedRows-layout has-default-gap has-vertical-unset\" id=\"wp-block-themeisle-blocks-advanced-columns-b062e563\"><div class=\"wp-block-themeisle-blocks-advanced-columns-overlay\"><\/div><div class=\"innerblocks-wrap\">\n<div class=\"wp-block-themeisle-blocks-advanced-column\" id=\"wp-block-themeisle-blocks-advanced-column-33a3a6aa\">\n<div class=\"wp-block-themeisle-blocks-service\">\n<p class=\"wp-block-themeisle-blocks-font-awesome-icons\" id=\"wp-block-themeisle-blocks-font-awesome-icons-70d519b5\"><span class=\"wp-block-themeisle-blocks-font-awesome-icons-container\"><i class=\"fas fa-hamsa\"><\/i><\/span><\/p>\n\n\n\n<h3 class=\"has-text-align-center\">Mindfulness<\/h3>\n\n\n\n<p class=\"has-text-align-center\">Yoga is a powerful technique that promotes mindful healthy living<\/p>\n<\/div>\n<\/div>\n\n\n\n<div class=\"wp-block-themeisle-blocks-advanced-column\" id=\"wp-block-themeisle-blocks-advanced-column-f14c98cc\">\n<p class=\"wp-block-themeisle-blocks-font-awesome-icons\" id=\"wp-block-themeisle-blocks-font-awesome-icons-bc2e32d6\"><span class=\"wp-block-themeisle-blocks-font-awesome-icons-container\"><i class=\"fas fa-om\"><\/i><\/span><\/p>\n\n\n\n<h3 class=\"has-text-align-center\">Fitness and Health<\/h3>\n\n\n\n<p class=\"has-text-align-center\">Yoga is a powerful technique that promotes mindful healthy living<\/p>\n<\/div>\n\n\n\n<div class=\"wp-block-themeisle-blocks-advanced-column\" id=\"wp-block-themeisle-blocks-advanced-column-bc051e8a\">\n<p class=\"wp-block-themeisle-blocks-font-awesome-icons\" id=\"wp-block-themeisle-blocks-font-awesome-icons-9ef8067c\"><span class=\"wp-block-themeisle-blocks-font-awesome-icons-container\"><i class=\"fab fa-angellist\"><\/i><\/span><\/p>\n\n\n\n<h3 class=\"has-text-align-center\">Fitness and Health<\/h3>\n\n\n\n<p class=\"has-text-align-center\">Yoga is a powerful technique that promotes mindful healthy living<\/p>\n<\/div>\n<\/div><\/div>\n\n\n\n<div class=\"wp-block-themeisle-blocks-advanced-columns alignfull has-1-columns has-desktop-equal-layout has-tablet-equal-layout has-mobile-equal-layout has-default-gap has-vertical-unset\" id=\"wp-block-themeisle-blocks-advanced-columns-4b23d2a7\"><div class=\"wp-block-themeisle-blocks-advanced-columns-overlay\"><\/div><div class=\"innerblocks-wrap\">\n<div class=\"wp-block-themeisle-blocks-advanced-column\" id=\"wp-block-themeisle-blocks-advanced-column-bb15f75a\">\n<p class=\"wp-block-themeisle-blocks-font-awesome-icons\" id=\"wp-block-themeisle-blocks-font-awesome-icons-de851078\"><span class=\"wp-block-themeisle-blocks-font-awesome-icons-container\"><i class=\"fas fa-spa\"><\/i><\/span><\/p>\n\n\n\n<h2 class=\"has-text-align-center has-nv-text-dark-bg-color has-text-color\">Join for a Free introductory lesson. It&#8217;s on us!<\/h2>\n\n\n\n<hr class=\"wp-block-separator has-text-color has-background has-nv-text-dark-bg-background-color has-nv-text-dark-bg-color\"\/>\n\n\n\n<div class=\"wp-block-buttons is-content-justification-center\">\n<div class=\"wp-block-button is-style-primary\"><a class=\"wp-block-button__link has-neve-btn-bg-hover-background-color has-background\" rel=\"I want to join for a free course\">I want to join for a free course<\/a><\/div>\n<\/div>\n<\/div>\n<\/div><\/div>\n\n\n\n<div class=\"wp-block-themeisle-blocks-advanced-columns alignfull has-3-columns has-desktop-equal-layout has-tablet-equal-layout has-mobile-collapsedRows-layout has-default-gap has-vertical-unset\" id=\"wp-block-themeisle-blocks-advanced-columns-c8acd77c\"><div class=\"wp-block-themeisle-blocks-advanced-columns-overlay\"><\/div><div class=\"innerblocks-wrap\">\n<div class=\"wp-block-themeisle-blocks-advanced-column\" id=\"wp-block-themeisle-blocks-advanced-column-081b3307\">\n<h4 class=\"has-neve-button-color-color has-text-color\"><strong>Testimonials<\/strong><\/h4>\n\n\n\n<h2>What my students say<\/h2>\n<\/div>\n\n\n\n<div class=\"wp-block-themeisle-blocks-advanced-column\" id=\"wp-block-themeisle-blocks-advanced-column-7580aa32\">\n<div id=\"wp-block-themeisle-blocks-button-group-1193967f\" class=\"wp-block-themeisle-blocks-button-group wp-block-buttons\">\n<div id=\"wp-block-themeisle-blocks-button-ba9c00e1\" class=\"wp-block-themeisle-blocks-button wp-block-button\"><a href=\"\" target=\"_self\" rel=\"noopener noreferrer\" class=\"wp-block-button__link\"><i class=\"fas fa-fw fa-star\"><\/i><\/a><\/div>\n\n\n\n<div id=\"wp-block-themeisle-blocks-button-f44d269a\" class=\"wp-block-themeisle-blocks-button wp-block-button\"><a href=\"\" target=\"_self\" rel=\"noopener noreferrer\" class=\"wp-block-button__link\"><i class=\"fas fa-fw fa-star\"><\/i><\/a><\/div>\n\n\n\n<div id=\"wp-block-themeisle-blocks-button-fffa00da\" class=\"wp-block-themeisle-blocks-button wp-block-button\"><a href=\"\" target=\"_self\" rel=\"noopener noreferrer\" class=\"wp-block-button__link\"><i class=\"fas fa-fw fa-star\"><\/i><\/a><\/div>\n\n\n\n<div id=\"wp-block-themeisle-blocks-button-1d9a1077\" class=\"wp-block-themeisle-blocks-button wp-block-button\"><a href=\"\" target=\"_self\" rel=\"noopener noreferrer\" class=\"wp-block-button__link\"><i class=\"fas fa-fw fa-star\"><\/i><\/a><\/div>\n\n\n\n<div id=\"wp-block-themeisle-blocks-button-f7a363ea\" class=\"wp-block-themeisle-blocks-button wp-block-button\"><a href=\"\" target=\"_self\" rel=\"noopener noreferrer\" class=\"wp-block-button__link\"><i class=\"fas fa-fw fa-star\"><\/i><\/a><\/div>\n<\/div>\n\n\n\n<p>I love all reviews, they help me get in tune with the latest fashion trends and make me feel wonderful. Thanks Jane! Really enjoying your content!<\/p>\n\n\n\n<h6 id=\"wp-block-themeisle-blocks-advanced-heading-4ce8af98\" class=\"wp-block-themeisle-blocks-advanced-heading wp-block-themeisle-blocks-advanced-heading-4ce8af98\"><strong>TIFFANY BRYANT<\/strong><\/h6>\n<\/div>\n\n\n\n<div class=\"wp-block-themeisle-blocks-advanced-column\" id=\"wp-block-themeisle-blocks-advanced-column-1e721d0e\">\n<div id=\"wp-block-themeisle-blocks-button-group-ddd126a9\" class=\"wp-block-themeisle-blocks-button-group wp-block-buttons\">\n<div id=\"wp-block-themeisle-blocks-button-aee6c2e9\" class=\"wp-block-themeisle-blocks-button wp-block-button\"><a href=\"\" target=\"_self\" rel=\"noopener noreferrer\" class=\"wp-block-button__link\"><i class=\"fas fa-fw fa-star\"><\/i><\/a><\/div>\n\n\n\n<div id=\"wp-block-themeisle-blocks-button-e5edbb25\" class=\"wp-block-themeisle-blocks-button wp-block-button\"><a href=\"\" target=\"_self\" rel=\"noopener noreferrer\" class=\"wp-block-button__link\"><i class=\"fas fa-fw fa-star\"><\/i><\/a><\/div>\n\n\n\n<div id=\"wp-block-themeisle-blocks-button-9452b645\" class=\"wp-block-themeisle-blocks-button wp-block-button\"><a href=\"\" target=\"_self\" rel=\"noopener noreferrer\" class=\"wp-block-button__link\"><i class=\"fas fa-fw fa-star\"><\/i><\/a><\/div>\n\n\n\n<div id=\"wp-block-themeisle-blocks-button-21429d61\" class=\"wp-block-themeisle-blocks-button wp-block-button\"><a href=\"\" target=\"_self\" rel=\"noopener noreferrer\" class=\"wp-block-button__link\"><i class=\"fas fa-fw fa-star\"><\/i><\/a><\/div>\n\n\n\n<div id=\"wp-block-themeisle-blocks-button-138fa8d1\" class=\"wp-block-themeisle-blocks-button wp-block-button\"><a href=\"\" target=\"_self\" rel=\"noopener noreferrer\" class=\"wp-block-button__link\"><i class=\"fas fa-fw fa-star\"><\/i><\/a><\/div>\n<\/div>\n\n\n\n<p>I love all reviews, they help me get in tune with the latest fashion trends and make me feel wonderful. Thanks Jane! Really enjoying your content!<\/p>\n\n\n\n<h6 id=\"wp-block-themeisle-blocks-advanced-heading-4334554b\" class=\"wp-block-themeisle-blocks-advanced-heading wp-block-themeisle-blocks-advanced-heading-4334554b\"><strong>TIFFANY BRYANT<\/strong><\/h6>\n<\/div>\n<\/div><\/div>\n","protected":false},"excerpt":{"rendered":"","protected":false},"author":1,"featured_media":0,"parent":0,"menu_order":0,"comment_status":"closed","ping_status":"closed","template":"page-templates\/template-pagebuilder-full-width.php","meta":{"_ti_tpc_template_sync":false,"_ti_tpc_template_id":"qkaru9pvduiwmsp9lfih"},"_links":{"self":[{"href":"https:\/\/nadiacomaneci.ro\/index.php\/wp-json\/wp\/v2\/pages\/94"}],"collection":[{"href":"https:\/\/nadiacomaneci.ro\/index.php\/wp-json\/wp\/v2\/pages"}],"about":[{"href":"https:\/\/nadiacomaneci.ro\/index.php\/wp-json\/wp\/v2\/types\/page"}],"author":[{"embeddable":true,"href":"https:\/\/nadiacomaneci.ro\/index.php\/wp-json\/wp\/v2\/users\/1"}],"replies":[{"embeddable":true,"href":"https:\/\/nadiacomaneci.ro\/index.php\/wp-json\/wp\/v2\/comments?post=94"}],"version-history":[{"count":3,"href":"https:\/\/nadiacomaneci.ro\/index.php\/wp-json\/wp\/v2\/pages\/94\/revisions"}],"predecessor-version":[{"id":196,"href":"https:\/\/nadiacomaneci.ro\/index.php\/wp-json\/wp\/v2\/pages\/94\/revisions\/196"}],"wp:attachment":[{"href":"https:\/\/nadiacomaneci.ro\/index.php\/wp-json\/wp\/v2\/media?parent=94"}],"curies":[{"name":"wp","href":"https:\/\/api.w.org\/{rel}","templated":true}]}}